{"id":92,"date":"2018-06-12T14:00:53","date_gmt":"2018-06-12T14:00:53","guid":{"rendered":"https:\/\/campgemmi.ch\/?page_id=92"},"modified":"2018-08-14T15:12:47","modified_gmt":"2018-08-14T15:12:47","slug":"wanderungen","status":"publish","type":"page","link":"https:\/\/campgemmi.ch\/?page_id=92","title":{"rendered":"Wanderungen"},"content":{"rendered":"<p>[et_pb_section fb_built=&#8220;1&#8243; admin_label=&#8220;section&#8220; _builder_version=&#8220;3.0.47&#8243;][et_pb_row _builder_version=&#8220;3.0.106&#8243;][et_pb_column type=&#8220;1_2&#8243; _builder_version=&#8220;3.0.106&#8243; parallax=&#8220;off&#8220; parallax_method=&#8220;on&#8220;][et_pb_blurb title=&#8220;Wanderungen&#8220; _builder_version=&#8220;3.0.106&#8243; header_level=&#8220;h1&#8243; header_font=&#8220;||||||||&#8220;]<\/p>\n<p><span>Wandern k\u00f6nnen Sie im Wallis unbegrenzt. Hunderte km ausgeschilderte Wanderwege warten nur auf Sie. Aus diesem Angebot haben wir f\u00fcr unsere G\u00e4ste 15 Vorschl\u00e4ge ausgearbeitet, die wir alle selbst gegangen sind. Deshalb k\u00f6nnen wir Ihnen auch kompetente Ausk\u00fcnfte erteilen. Diese Wanderungen beginnen entweder direkt am Camping oder der Ausgangspunkt ist mit dem Auto oder Bus schnell zu erreichen. An der Rezeption haben wir eine Dokumentation ausgelegt, mit der Sie sich bestens informieren k\u00f6nnen. Kartenmaterial erhalten Sie im Laden.<\/span><\/p>\n<p>[\/et_pb_blurb][\/et_pb_column][et_pb_column type=&#8220;1_2&#8243; _builder_version=&#8220;3.0.106&#8243; parallax=&#8220;off&#8220; parallax_method=&#8220;on&#8220;][\/et_pb_column][\/et_pb_row][et_pb_row _builder_version=&#8220;3.0.106&#8243;][et_pb_column type=&#8220;4_4&#8243; _builder_version=&#8220;3.0.106&#8243; parallax=&#8220;off&#8220; parallax_method=&#8220;on&#8220;][et_pb_gallery gallery_ids=&#8220;320,346,345,344,343,342,341,340,339,338,337,336,335,334,332,331,330,329,328,327,326,325,324,323,322,321&#8243; posts_number=&#8220;8&#8243; _builder_version=&#8220;3.0.106&#8243;][\/et_pb_gallery][\/et_pb_column][\/et_pb_row][\/et_pb_section]<\/p>\n","protected":false},"excerpt":{"rendered":"<p>[et_pb_section fb_built=&#8220;1&#8243; admin_label=&#8220;section&#8220; _builder_version=&#8220;3.0.47&#8243;][et_pb_row _builder_version=&#8220;3.0.106&#8243;][et_pb_column type=&#8220;1_2&#8243; _builder_version=&#8220;3.0.106&#8243; parallax=&#8220;off&#8220; parallax_method=&#8220;on&#8220;][et_pb_blurb title=&#8220;Wanderungen&#8220; _builder_version=&#8220;3.0.106&#8243; header_level=&#8220;h1&#8243; header_font=&#8220;||||||||&#8220;] Wandern k\u00f6nnen Sie im Wallis unbegrenzt. Hunderte km ausgeschilderte Wanderwege warten nur auf Sie. Aus diesem Angebot haben wir f\u00fcr unsere G\u00e4ste 15 Vorschl\u00e4ge ausgearbeitet, die wir alle selbst gegangen sind. Deshalb k\u00f6nnen wir Ihnen auch kompetente Ausk\u00fcnfte erteilen. Diese Wanderungen beginnen [&hellip;]<\/p>\n","protected":false},"author":1,"featured_media":0,"parent":0,"menu_order":0,"comment_status":"closed","ping_status":"closed","template":"","meta":{"footnotes":""},"_links":{"self":[{"href":"https:\/\/campgemmi.ch\/index.php?rest_route=\/wp\/v2\/pages\/92"}],"collection":[{"href":"https:\/\/campgemmi.ch\/index.php?rest_route=\/wp\/v2\/pages"}],"about":[{"href":"https:\/\/campgemmi.ch\/index.php?rest_route=\/wp\/v2\/types\/page"}],"author":[{"embeddable":true,"href":"https:\/\/campgemmi.ch\/index.php?rest_route=\/wp\/v2\/users\/1"}],"replies":[{"embeddable":true,"href":"https:\/\/campgemmi.ch\/index.php?rest_route=%2Fwp%2Fv2%2Fcomments&post=92"}],"version-history":[{"count":9,"href":"https:\/\/campgemmi.ch\/index.php?rest_route=\/wp\/v2\/pages\/92\/revisions"}],"predecessor-version":[{"id":710,"href":"https:\/\/campgemmi.ch\/index.php?rest_route=\/wp\/v2\/pages\/92\/revisions\/710"}],"wp:attachment":[{"href":"https:\/\/campgemmi.ch\/index.php?rest_route=%2Fwp%2Fv2%2Fmedia&parent=92"}],"curies":[{"name":"wp","href":"https:\/\/api.w.org\/{rel}","templated":true}]}}