{"id":90,"date":"2018-06-12T14:00:26","date_gmt":"2018-06-12T14:00:26","guid":{"rendered":"https:\/\/campgemmi.ch\/?page_id=90"},"modified":"2019-08-16T14:07:36","modified_gmt":"2019-08-16T14:07:36","slug":"aktivitaeten","status":"publish","type":"page","link":"https:\/\/campgemmi.ch\/?page_id=90","title":{"rendered":"Aktivit\u00e4ten"},"content":{"rendered":"<p>[et_pb_section fb_built=&#8220;1&#8243; admin_label=&#8220;section&#8220; _builder_version=&#8220;3.0.47&#8243;][et_pb_row admin_label=&#8220;row&#8220; _builder_version=&#8220;3.0.47&#8243; background_size=&#8220;initial&#8220; background_position=&#8220;top_left&#8220; background_repeat=&#8220;repeat&#8220;][et_pb_column type=&#8220;1_2&#8243; _builder_version=&#8220;3.0.47&#8243; parallax=&#8220;off&#8220; parallax_method=&#8220;on&#8220;][et_pb_image src=&#8220;https:\/\/campgemmi.ch\/wp-content\/uploads\/2018\/06\/erholung.jpeg&#8220; align=&#8220;center&#8220; _builder_version=&#8220;3.0.106&#8243;][\/et_pb_image][\/et_pb_column][et_pb_column type=&#8220;1_2&#8243; _builder_version=&#8220;3.0.47&#8243; parallax=&#8220;off&#8220; parallax_method=&#8220;on&#8220;][et_pb_text _builder_version=&#8220;3.0.106&#8243;]<\/p>\n<div><strong>Ruhe und Erholung<\/strong><\/div>\n<div><\/div>\n<div>Ruhe und Erholung finden Sie auf unserem Campingplatz. Und das ist unseren G\u00e4sten sehr, sehr wichtig. Wir wollen kein l\u00e4rmiges Schwimmbad und auch kein Fussballfeld. Bei uns k\u00f6nnen Sie Tischtennis, Federball, Dart und einiges mehr spielen. F\u00fcr die kleinen G\u00e4ste gibt es einen Spielplatz mit Kletterturm, Schaukel und Sandkasten. Gleich neben dem Camping befindet sich der Minigolf.\u00a0Von 12 bis 14 Uhr und nachts nach 22 Uhr ist bei uns Ruhezeit.<\/div>\n<p>[\/et_pb_text][\/et_pb_column][\/et_pb_row][et_pb_row admin_label=&#8220;row&#8220; _builder_version=&#8220;3.0.47&#8243; background_size=&#8220;initial&#8220; background_position=&#8220;top_left&#8220; background_repeat=&#8220;repeat&#8220;][et_pb_column type=&#8220;1_2&#8243; _builder_version=&#8220;3.0.47&#8243; parallax=&#8220;off&#8220; parallax_method=&#8220;on&#8220;][et_pb_image src=&#8220;https:\/\/campgemmi.ch\/wp-content\/uploads\/2018\/06\/aktivitaeten.jpeg&#8220; align=&#8220;center&#8220; _builder_version=&#8220;3.0.106&#8243;][\/et_pb_image][\/et_pb_column][et_pb_column type=&#8220;1_2&#8243; _builder_version=&#8220;3.0.47&#8243; parallax=&#8220;off&#8220; parallax_method=&#8220;on&#8220;][et_pb_text _builder_version=&#8220;3.0.106&#8243;]<\/p>\n<div><strong>Aktivit\u00e4ten<\/strong><\/div>\n<div><\/div>\n<div>Immer mehr Urlauber sch\u00e4tzen in ihren Ferien aber nicht nur Ruhe und Erholung, sondern suchen auch attraktive Angebote, um die sch\u00f6nsten Tage des Jahres aktiv gestalten zu k\u00f6nnen. Wir wollen Sie mit unseren ausgew\u00e4hlten Informationen auf dieser Homepage unterst\u00fctzen und haben ein breites Angebot f\u00fcr Sie ausgearbeitet.<\/div>\n<p>[\/et_pb_text][\/et_pb_column][\/et_pb_row][et_pb_row custom_padding=&#8220;54px|0px|27px|0px&#8220; _builder_version=&#8220;3.0.106&#8243;][et_pb_column type=&#8220;4_4&#8243; _builder_version=&#8220;3.0.106&#8243; parallax=&#8220;off&#8220; parallax_method=&#8220;on&#8220;][et_pb_text _builder_version=&#8220;3.0.106&#8243;]<\/p>\n<div><\/div>\n<div>\n<p><span style=\"font-size: 14px;\">Haben Sie Lust auf etwas Ausgefalleners? Vielleicht wollen Sie mal einen Viertausender besteigen, sich einmal im Fels versuchen, in einem der vielen Kletterg\u00e4rten des Wallis, einen Klettersteig begehen, eine Nacht in einer Bergh\u00fctte verbringen oder gar einmal eine Canyoing-Tour durch die Massaschlucht? Das Wallis bietet sehr viele M\u00f6glichkeiten. Wir helfen Ihnen gerne weiter.<\/span><\/p>\n<\/div>\n<p>[\/et_pb_text][\/et_pb_column][\/et_pb_row][\/et_pb_section]<\/p>\n","protected":false},"excerpt":{"rendered":"<p>[et_pb_section fb_built=&#8220;1&#8243; admin_label=&#8220;section&#8220; _builder_version=&#8220;3.0.47&#8243;][et_pb_row admin_label=&#8220;row&#8220; _builder_version=&#8220;3.0.47&#8243; background_size=&#8220;initial&#8220; background_position=&#8220;top_left&#8220; background_repeat=&#8220;repeat&#8220;][et_pb_column type=&#8220;1_2&#8243; _builder_version=&#8220;3.0.47&#8243; parallax=&#8220;off&#8220; parallax_method=&#8220;on&#8220;][et_pb_image src=&#8220;https:\/\/campgemmi.ch\/wp-content\/uploads\/2018\/06\/erholung.jpeg&#8220; align=&#8220;center&#8220; _builder_version=&#8220;3.0.106&#8243;][\/et_pb_image][\/et_pb_column][et_pb_column type=&#8220;1_2&#8243; _builder_version=&#8220;3.0.47&#8243; parallax=&#8220;off&#8220; parallax_method=&#8220;on&#8220;][et_pb_text _builder_version=&#8220;3.0.106&#8243;] Ruhe und Erholung Ruhe und Erholung finden Sie auf unserem Campingplatz. Und das ist unseren G\u00e4sten sehr, sehr wichtig. Wir wollen kein l\u00e4rmiges Schwimmbad und auch kein Fussballfeld. Bei uns k\u00f6nnen Sie Tischtennis, Federball, [&hellip;]<\/p>\n","protected":false},"author":1,"featured_media":0,"parent":0,"menu_order":0,"comment_status":"closed","ping_status":"closed","template":"","meta":{"footnotes":""},"_links":{"self":[{"href":"https:\/\/campgemmi.ch\/index.php?rest_route=\/wp\/v2\/pages\/90"}],"collection":[{"href":"https:\/\/campgemmi.ch\/index.php?rest_route=\/wp\/v2\/pages"}],"about":[{"href":"https:\/\/campgemmi.ch\/index.php?rest_route=\/wp\/v2\/types\/page"}],"author":[{"embeddable":true,"href":"https:\/\/campgemmi.ch\/index.php?rest_route=\/wp\/v2\/users\/1"}],"replies":[{"embeddable":true,"href":"https:\/\/campgemmi.ch\/index.php?rest_route=%2Fwp%2Fv2%2Fcomments&post=90"}],"version-history":[{"count":15,"href":"https:\/\/campgemmi.ch\/index.php?rest_route=\/wp\/v2\/pages\/90\/revisions"}],"predecessor-version":[{"id":1031,"href":"https:\/\/campgemmi.ch\/index.php?rest_route=\/wp\/v2\/pages\/90\/revisions\/1031"}],"wp:attachment":[{"href":"https:\/\/campgemmi.ch\/index.php?rest_route=%2Fwp%2Fv2%2Fmedia&parent=90"}],"curies":[{"name":"wp","href":"https:\/\/api.w.org\/{rel}","templated":true}]}}