{"id":83,"date":"2018-06-12T13:59:15","date_gmt":"2018-06-12T13:59:15","guid":{"rendered":"https:\/\/campgemmi.ch\/?page_id=83"},"modified":"2022-04-12T13:49:08","modified_gmt":"2022-04-12T13:49:08","slug":"restaurant","status":"publish","type":"page","link":"https:\/\/campgemmi.ch\/?page_id=83","title":{"rendered":"Restaurant"},"content":{"rendered":"<p>[et_pb_section fb_built=&#8220;1&#8243; admin_label=&#8220;section&#8220; _builder_version=&#8220;3.0.47&#8243;][et_pb_row admin_label=&#8220;row&#8220; _builder_version=&#8220;3.0.47&#8243; background_size=&#8220;initial&#8220; background_position=&#8220;top_left&#8220; background_repeat=&#8220;repeat&#8220;][et_pb_column type=&#8220;1_2&#8243; _builder_version=&#8220;3.0.47&#8243; parallax=&#8220;off&#8220; parallax_method=&#8220;on&#8220;][et_pb_text admin_label=&#8220;Text&#8220; _builder_version=&#8220;3.0.47&#8243; background_size=&#8220;initial&#8220; background_position=&#8220;top_left&#8220; background_repeat=&#8220;repeat&#8220;]\t\t\t\t[\/et_pb_text][et_pb_image src=&#8220;https:\/\/campgemmi.ch\/wp-content\/uploads\/2018\/06\/84310158-C9EC-4B0D-874A-A9C52DA2A392.jpg&#8220; _builder_version=&#8220;3.0.106&#8243;][\/et_pb_image][\/et_pb_column][et_pb_column type=&#8220;1_2&#8243; _builder_version=&#8220;3.0.47&#8243; parallax=&#8220;off&#8220; parallax_method=&#8220;on&#8220;][et_pb_text _builder_version=&#8220;3.0.106&#8243;]<\/p>\n<h4><span style=\"font-size: x-large;\">Gemmi-St\u00fcbli<\/span><\/h4>\n<p><span style=\"font-size: x-large;\"><\/span><\/p>\n<div><span><\/span><\/div>\n<div><span><\/span><\/div>\n<div><span>Unser neues Camping-Restaurant ist w\u00e4hrend der gesamten Saison<\/span><span>\u00a0von 8:00 bis 11:30 und von 15:00 bis 21:00 Uhr ge\u00f6ffnet<\/span><span style=\"font-size: 14px;\">.<\/span><\/div>\n<div><span style=\"font-size: 14px;\"><\/span><\/div>\n<div><span><\/span><\/div>\n<div><span><\/span><\/div>\n<div><span>Die K\u00fcche wird von 17:30 bis 19:30 oder nach besonderer Vereinbarung bedient.<\/span><\/div>\n<div><span><\/span><\/div>\n<div><span><\/span><\/div>\n<div>\n<div><span>Unser neues Restaurant &#8222;Gemmi-St\u00fcbli&#8220; hat Fussbodenheizung und ist mit grossen Familienholztischen, gepolsterter Bestuhlung ausgestattet. Durch die grossen Fenster hat man einen herrlichen Blick \u00fcber das Campingtreiben direkt auf das Bergpanorama.<\/span><\/div>\n<div><\/div>\n<div><\/div>\n<div><span>Auf der neuen Terrasse vor dem Restaurant k\u00f6nnen die Campingg\u00e4ste auf f\u00fcnf rustikalen Holztischen mit integrierten B\u00e4nken auch im Freien Platz nehmen. Eine Buvette mit Tresen und Stehpl\u00e4tzen sowie zwei kleinere Tische werden haupts\u00e4chlich von den eiligen G\u00e4sten und den Rauchern genutzt.<\/span><\/div>\n<\/div>\n<p>[\/et_pb_text][\/et_pb_column][\/et_pb_row][et_pb_row custom_padding=&#8220;99px|0px|0|0px&#8220; _builder_version=&#8220;3.0.106&#8243;][et_pb_column type=&#8220;4_4&#8243; _builder_version=&#8220;3.0.106&#8243; parallax=&#8220;off&#8220; parallax_method=&#8220;on&#8220;][et_pb_text _builder_version=&#8220;3.0.106&#8243;]<\/p>\n<h1 style=\"text-align: center;\"><span size=\"5\">Gut Essen und Trinken zu vern\u00fcftigen Preisen<\/span><\/h1>\n<p>[\/et_pb_text][\/et_pb_column][\/et_pb_row][et_pb_row admin_label=&#8220;row&#8220; _builder_version=&#8220;3.0.47&#8243; background_size=&#8220;initial&#8220; background_position=&#8220;top_left&#8220; background_repeat=&#8220;repeat&#8220; custom_padding=&#8220;27px|0|27px|0&#8243;][et_pb_column type=&#8220;1_2&#8243; _builder_version=&#8220;3.0.47&#8243; parallax=&#8220;off&#8220; parallax_method=&#8220;on&#8220;][et_pb_text admin_label=&#8220;Text&#8220; _builder_version=&#8220;3.0.47&#8243; background_size=&#8220;initial&#8220; background_position=&#8220;top_left&#8220; background_repeat=&#8220;repeat&#8220;]\t\t\t\t[\/et_pb_text][et_pb_image src=&#8220;https:\/\/campgemmi.ch\/wp-content\/uploads\/2022\/04\/Screenshot-2022-04-12-154702.png&#8220; _builder_version=&#8220;3.0.106&#8243;][\/et_pb_image][\/et_pb_column][et_pb_column type=&#8220;1_2&#8243; _builder_version=&#8220;3.0.47&#8243; parallax=&#8220;off&#8220; parallax_method=&#8220;on&#8220;][et_pb_image src=&#8220;https:\/\/campgemmi.ch\/wp-content\/uploads\/2022\/04\/Screenshot-2022-04-12-154036.png&#8220; _builder_version=&#8220;3.0.106&#8243; max_width=&#8220;60%&#8220; custom_padding=&#8220;|||&#8220;][\/et_pb_image][\/et_pb_column][\/et_pb_row][et_pb_row custom_padding=&#8220;99px|0px|0|0px&#8220; _builder_version=&#8220;3.0.106&#8243;][et_pb_column type=&#8220;4_4&#8243; _builder_version=&#8220;3.0.106&#8243; parallax=&#8220;off&#8220; parallax_method=&#8220;on&#8220;][et_pb_text _builder_version=&#8220;3.0.106&#8243;][\/et_pb_text][\/et_pb_column][\/et_pb_row][\/et_pb_section]<\/p>\n","protected":false},"excerpt":{"rendered":"<p>[et_pb_section fb_built=&#8220;1&#8243; admin_label=&#8220;section&#8220; _builder_version=&#8220;3.0.47&#8243;][et_pb_row admin_label=&#8220;row&#8220; _builder_version=&#8220;3.0.47&#8243; background_size=&#8220;initial&#8220; background_position=&#8220;top_left&#8220; background_repeat=&#8220;repeat&#8220;][et_pb_column type=&#8220;1_2&#8243; _builder_version=&#8220;3.0.47&#8243; parallax=&#8220;off&#8220; parallax_method=&#8220;on&#8220;][et_pb_text admin_label=&#8220;Text&#8220; _builder_version=&#8220;3.0.47&#8243; background_size=&#8220;initial&#8220; background_position=&#8220;top_left&#8220; background_repeat=&#8220;repeat&#8220;] [\/et_pb_text][et_pb_image src=&#8220;https:\/\/campgemmi.ch\/wp-content\/uploads\/2018\/06\/84310158-C9EC-4B0D-874A-A9C52DA2A392.jpg&#8220; _builder_version=&#8220;3.0.106&#8243;][\/et_pb_image][\/et_pb_column][et_pb_column type=&#8220;1_2&#8243; _builder_version=&#8220;3.0.47&#8243; parallax=&#8220;off&#8220; parallax_method=&#8220;on&#8220;][et_pb_text _builder_version=&#8220;3.0.106&#8243;] Gemmi-St\u00fcbli Unser neues Camping-Restaurant ist w\u00e4hrend der gesamten Saison\u00a0von 8:00 bis 11:30 und von 15:00 bis 21:00 Uhr ge\u00f6ffnet. Die K\u00fcche wird von 17:30 bis 19:30 oder nach besonderer [&hellip;]<\/p>\n","protected":false},"author":1,"featured_media":0,"parent":0,"menu_order":0,"comment_status":"closed","ping_status":"closed","template":"","meta":{"footnotes":""},"_links":{"self":[{"href":"https:\/\/campgemmi.ch\/index.php?rest_route=\/wp\/v2\/pages\/83"}],"collection":[{"href":"https:\/\/campgemmi.ch\/index.php?rest_route=\/wp\/v2\/pages"}],"about":[{"href":"https:\/\/campgemmi.ch\/index.php?rest_route=\/wp\/v2\/types\/page"}],"author":[{"embeddable":true,"href":"https:\/\/campgemmi.ch\/index.php?rest_route=\/wp\/v2\/users\/1"}],"replies":[{"embeddable":true,"href":"https:\/\/campgemmi.ch\/index.php?rest_route=%2Fwp%2Fv2%2Fcomments&post=83"}],"version-history":[{"count":9,"href":"https:\/\/campgemmi.ch\/index.php?rest_route=\/wp\/v2\/pages\/83\/revisions"}],"predecessor-version":[{"id":1671,"href":"https:\/\/campgemmi.ch\/index.php?rest_route=\/wp\/v2\/pages\/83\/revisions\/1671"}],"wp:attachment":[{"href":"https:\/\/campgemmi.ch\/index.php?rest_route=%2Fwp%2Fv2%2Fmedia&parent=83"}],"curies":[{"name":"wp","href":"https:\/\/api.w.org\/{rel}","templated":true}]}}