{"id":77,"date":"2018-06-12T13:58:00","date_gmt":"2018-06-12T13:58:00","guid":{"rendered":"https:\/\/campgemmi.ch\/?page_id=77"},"modified":"2022-06-15T13:12:32","modified_gmt":"2022-06-15T13:12:32","slug":"sanitaeres","status":"publish","type":"page","link":"https:\/\/campgemmi.ch\/?page_id=77","title":{"rendered":"Sanit\u00e4res"},"content":{"rendered":"<p>[et_pb_section fb_built=&#8220;1&#8243; _builder_version=&#8220;3.0.47&#8243;][et_pb_row custom_padding=&#8220;27px|0px|27px|0px&#8220; _builder_version=&#8220;3.0.47&#8243; background_size=&#8220;initial&#8220; background_position=&#8220;top_left&#8220; background_repeat=&#8220;repeat&#8220;][et_pb_column type=&#8220;1_2&#8243; _builder_version=&#8220;3.0.106&#8243; parallax=&#8220;off&#8220; parallax_method=&#8220;on&#8220;][et_pb_blurb title=&#8220;Unsere Sanit\u00e4ren Einrichtungen&#8220; _builder_version=&#8220;3.0.106&#8243; header_level=&#8220;h1&#8243; header_font=&#8220;||||||||&#8220;]<\/p>\n<p><span>Sanit\u00e4rgeb\u00e4ude mit Waschr\u00e4umen, Duschen, Toiletten, Waschmaschinen, W\u00e4schetrockner, Geschirrsp\u00fclpl\u00e4tze<\/span><\/p>\n<p>[\/et_pb_blurb][\/et_pb_column][et_pb_column type=&#8220;1_2&#8243; _builder_version=&#8220;3.0.106&#8243; parallax=&#8220;off&#8220; parallax_method=&#8220;on&#8220;][et_pb_image src=&#8220;https:\/\/campgemmi.ch\/wp-content\/uploads\/2022\/06\/Screenshot-2022-06-14-173047.png&#8220; _builder_version=&#8220;3.0.106&#8243;][\/et_pb_image][\/et_pb_column][\/et_pb_row][et_pb_row _builder_version=&#8220;3.0.106&#8243;][et_pb_column type=&#8220;1_2&#8243; _builder_version=&#8220;3.0.106&#8243; parallax=&#8220;off&#8220; parallax_method=&#8220;on&#8220;][et_pb_blurb _builder_version=&#8220;3.0.106&#8243;]<\/p>\n<p><span>Moderne, gepflegte und vor allem saubere sanit\u00e4re Einrichtungen sind das Wichtigste, was man von einem zeitgem\u00e4ssen Camping erwarten darf. Deshalb wird bei uns auf Sauberkeit und Hygiene gr\u00f6ssten Wert gelegt.<\/span><\/p>\n<p>[\/et_pb_blurb][\/et_pb_column][et_pb_column type=&#8220;1_2&#8243; _builder_version=&#8220;3.0.106&#8243; parallax=&#8220;off&#8220; parallax_method=&#8220;on&#8220;][et_pb_image src=&#8220;https:\/\/campgemmi.ch\/wp-content\/uploads\/2018\/06\/C4781DE9-943D-43E0-B466-CA3A970A8A12.jpg&#8220; _builder_version=&#8220;3.0.106&#8243;][\/et_pb_image][\/et_pb_column][\/et_pb_row][et_pb_row _builder_version=&#8220;3.0.106&#8243;][et_pb_column type=&#8220;1_2&#8243; _builder_version=&#8220;3.0.106&#8243; parallax=&#8220;off&#8220; parallax_method=&#8220;on&#8220;][et_pb_blurb _builder_version=&#8220;3.0.106&#8243;]<\/p>\n<p><span>Camping Gemmi ist besonders f\u00fcr die Sauberkeit seiner komfortablen Sanit\u00e4rausstattung bekannt. Dies wird regelm\u00e4ssig von den internationalen Campingclubs \u00fcberpr\u00fcft und best\u00e4tigt. Wir z\u00e4hlen seit 20 Jahren zu den besten Campings der Schweiz.<\/span><\/p>\n<p>[\/et_pb_blurb][\/et_pb_column][et_pb_column type=&#8220;1_2&#8243; _builder_version=&#8220;3.0.106&#8243; parallax=&#8220;off&#8220; parallax_method=&#8220;on&#8220;][et_pb_image src=&#8220;https:\/\/campgemmi.ch\/wp-content\/uploads\/2022\/06\/Screenshot-2022-06-14-173559.png&#8220; _builder_version=&#8220;3.0.106&#8243;][\/et_pb_image][\/et_pb_column][\/et_pb_row][et_pb_row _builder_version=&#8220;3.0.106&#8243;][et_pb_column type=&#8220;1_2&#8243; _builder_version=&#8220;3.0.106&#8243; parallax=&#8220;off&#8220; parallax_method=&#8220;on&#8220;][et_pb_blurb _builder_version=&#8220;3.0.106&#8243;]<\/p>\n<div><span>Camping Gemmi hat im Allgemeinen Sanit\u00e4rgeb\u00e4ude zwei Gemeinschaftswaschr\u00e4ume und zahlreiche Einzelwaschkabinen. Die Duschen sind beheizbar und das warme Wasser ist kostenlos. Wenn Sie sich f\u00fcr unsere<a href=\"https:\/\/campgemmi.ch\/?page_id=79\">\u00a0<\/a><\/span><a href=\"https:\/\/campgemmi.ch\/?page_id=79\">privaten Badezimmer<\/a><span><a href=\"https:\/\/campgemmi.ch\/?page_id=79\">\u00a0<\/a>interessieren, w\u00e4hlen Sie bitte die besondere Website.<\/span><\/div>\n<p>[\/et_pb_blurb][\/et_pb_column][et_pb_column type=&#8220;1_2&#8243; _builder_version=&#8220;3.0.106&#8243; parallax=&#8220;off&#8220; parallax_method=&#8220;on&#8220;][et_pb_image src=&#8220;https:\/\/campgemmi.ch\/wp-content\/uploads\/2018\/06\/3F220AF3-63C1-4850-8F06-7DADB64022C8.jpg&#8220; _builder_version=&#8220;3.0.106&#8243;][\/et_pb_image][\/et_pb_column][\/et_pb_row][et_pb_row _builder_version=&#8220;3.0.106&#8243;][et_pb_column type=&#8220;1_2&#8243; _builder_version=&#8220;3.0.106&#8243; parallax=&#8220;off&#8220; parallax_method=&#8220;on&#8220;][et_pb_blurb _builder_version=&#8220;3.0.106&#8243;]<\/p>\n<p><span>Es gibt f\u00fcr unsere G\u00e4ste drei Waschmaschinen, zwei W\u00e4schetrockner, Geschirrsp\u00fclpl\u00e4tze, die Entsorgungsstation f\u00fcr Abwasser-, F\u00e4kalientanks und Cassettentoiletten sowie vieles andere, was eigentlich selbstverst\u00e4ndlich sein sollte.<\/span><\/p>\n<p>[\/et_pb_blurb][\/et_pb_column][et_pb_column type=&#8220;1_2&#8243; _builder_version=&#8220;3.0.106&#8243; parallax=&#8220;off&#8220; parallax_method=&#8220;on&#8220;][et_pb_image src=&#8220;https:\/\/campgemmi.ch\/wp-content\/uploads\/2022\/06\/Waschkuche.png&#8220; _builder_version=&#8220;3.0.106&#8243;][\/et_pb_image][\/et_pb_column][\/et_pb_row][\/et_pb_section]<\/p>\n","protected":false},"excerpt":{"rendered":"<p>[et_pb_section fb_built=&#8220;1&#8243; _builder_version=&#8220;3.0.47&#8243;][et_pb_row custom_padding=&#8220;27px|0px|27px|0px&#8220; _builder_version=&#8220;3.0.47&#8243; background_size=&#8220;initial&#8220; background_position=&#8220;top_left&#8220; background_repeat=&#8220;repeat&#8220;][et_pb_column type=&#8220;1_2&#8243; _builder_version=&#8220;3.0.106&#8243; parallax=&#8220;off&#8220; parallax_method=&#8220;on&#8220;][et_pb_blurb title=&#8220;Unsere Sanit\u00e4ren Einrichtungen&#8220; _builder_version=&#8220;3.0.106&#8243; header_level=&#8220;h1&#8243; header_font=&#8220;||||||||&#8220;] Sanit\u00e4rgeb\u00e4ude mit Waschr\u00e4umen, Duschen, Toiletten, Waschmaschinen, W\u00e4schetrockner, Geschirrsp\u00fclpl\u00e4tze [\/et_pb_blurb][\/et_pb_column][et_pb_column type=&#8220;1_2&#8243; _builder_version=&#8220;3.0.106&#8243; parallax=&#8220;off&#8220; parallax_method=&#8220;on&#8220;][et_pb_image src=&#8220;https:\/\/campgemmi.ch\/wp-content\/uploads\/2022\/06\/Screenshot-2022-06-14-173047.png&#8220; _builder_version=&#8220;3.0.106&#8243;][\/et_pb_image][\/et_pb_column][\/et_pb_row][et_pb_row _builder_version=&#8220;3.0.106&#8243;][et_pb_column type=&#8220;1_2&#8243; _builder_version=&#8220;3.0.106&#8243; parallax=&#8220;off&#8220; parallax_method=&#8220;on&#8220;][et_pb_blurb _builder_version=&#8220;3.0.106&#8243;] Moderne, gepflegte und vor allem saubere sanit\u00e4re Einrichtungen sind das Wichtigste, was man von einem zeitgem\u00e4ssen [&hellip;]<\/p>\n","protected":false},"author":1,"featured_media":0,"parent":0,"menu_order":0,"comment_status":"closed","ping_status":"closed","template":"","meta":{"footnotes":""},"_links":{"self":[{"href":"https:\/\/campgemmi.ch\/index.php?rest_route=\/wp\/v2\/pages\/77"}],"collection":[{"href":"https:\/\/campgemmi.ch\/index.php?rest_route=\/wp\/v2\/pages"}],"about":[{"href":"https:\/\/campgemmi.ch\/index.php?rest_route=\/wp\/v2\/types\/page"}],"author":[{"embeddable":true,"href":"https:\/\/campgemmi.ch\/index.php?rest_route=\/wp\/v2\/users\/1"}],"replies":[{"embeddable":true,"href":"https:\/\/campgemmi.ch\/index.php?rest_route=%2Fwp%2Fv2%2Fcomments&post=77"}],"version-history":[{"count":7,"href":"https:\/\/campgemmi.ch\/index.php?rest_route=\/wp\/v2\/pages\/77\/revisions"}],"predecessor-version":[{"id":1764,"href":"https:\/\/campgemmi.ch\/index.php?rest_route=\/wp\/v2\/pages\/77\/revisions\/1764"}],"wp:attachment":[{"href":"https:\/\/campgemmi.ch\/index.php?rest_route=%2Fwp%2Fv2%2Fmedia&parent=77"}],"curies":[{"name":"wp","href":"https:\/\/api.w.org\/{rel}","templated":true}]}}