{"id":546,"date":"2018-06-12T14:00:00","date_gmt":"2018-06-12T14:00:00","guid":{"rendered":"https:\/\/campgemmi.ch\/?page_id=546"},"modified":"2022-06-15T13:04:03","modified_gmt":"2022-06-15T13:04:03","slug":"laden","status":"publish","type":"page","link":"https:\/\/campgemmi.ch\/?page_id=546&lang=en","title":{"rendered":"Laden"},"content":{"rendered":"<p>[et_pb_section fb_built=&#8220;1&#8243; admin_label=&#8220;section&#8220; _builder_version=&#8220;3.0.47&#8243;][et_pb_row _builder_version=&#8220;3.0.106&#8243;][et_pb_column type=&#8220;1_2&#8243; _builder_version=&#8220;3.0.106&#8243; parallax=&#8220;off&#8220; parallax_method=&#8220;on&#8220;][et_pb_blurb title=&#8220;Unser Camping-Laden&#8220; _builder_version=&#8220;3.0.106&#8243; header_level=&#8220;h1&#8243; header_font=&#8220;||||||||&#8220;]<\/p>\n<p>ist t\u00e4glich ge\u00f6ffnet (auch sonntags) von 8:00 bis 11:30 Uhr und von 15:00 bis 21:00 Uhr Wir w\u00fcrden uns sehr freuen auch Sie bedienen zu d\u00fcrfen, obwohl wir nicht die Auswahl eines grossen Supermarktes haben k\u00f6nnen. Unser Service jedoch ist pers\u00f6nlich, wir sind auf dem Platz und haben sieben Tage in der Woche bis zum sp\u00e4ten Abend offen.<\/p>\n<p>[\/et_pb_blurb][\/et_pb_column][et_pb_column type=&#8220;1_2&#8243; _builder_version=&#8220;3.0.106&#8243; parallax=&#8220;off&#8220; parallax_method=&#8220;on&#8220;][et_pb_image src=&#8220;https:\/\/campgemmi.ch\/wp-content\/uploads\/2022\/06\/Kiosk-collage.png&#8220; _builder_version=&#8220;3.0.106&#8243;][\/et_pb_image][\/et_pb_column][\/et_pb_row][et_pb_row _builder_version=&#8220;3.0.106&#8243;][et_pb_column type=&#8220;1_2&#8243; _builder_version=&#8220;3.0.106&#8243; parallax=&#8220;off&#8220; parallax_method=&#8220;on&#8220;][et_pb_blurb title=&#8220;Unser Fr\u00fchst\u00fcck-Service&#8220; _builder_version=&#8220;3.0.106&#8243; header_level=&#8220;h1&#8243; header_font=&#8220;||||||||&#8220;]<\/p>\n<div><span>Jeden Morgen<\/span><span>\u00a0(auch am Sonntag)<\/span><\/div>\n<div><span>gibt es frische Br\u00f6tchen, Gipfeli (Croissants), Z\u00f6pfli, Parisette (auch Vollkorn) und vom B\u00e4ckermeister die verschiedenen Brotsorten wie Weissbrot, Ruchbrot, Grahambrot und Pain paillasse (speziell hergestelltes K\u00f6rnerbrot).<\/span><\/div>\n<div><\/div>\n<div><\/div>\n<div><span>Sie bestellen das Brot bis 19:00 Uhr am Vortag und die Br\u00f6tchen bis 21:00 Uhr an der Reception und am folgenden Morgen ab 08:00 Uhr k\u00f6nnen Sie einkaufen.<\/span><\/div>\n<p>[\/et_pb_blurb][\/et_pb_column][et_pb_column type=&#8220;1_2&#8243; _builder_version=&#8220;3.0.106&#8243; parallax=&#8220;off&#8220; parallax_method=&#8220;on&#8220;][et_pb_image src=&#8220;https:\/\/campgemmi.ch\/wp-content\/uploads\/2018\/06\/D4B3F0CC-FFBC-41BF-8F10-65FCA8221412.jpg&#8220; _builder_version=&#8220;3.0.106&#8243;][\/et_pb_image][\/et_pb_column][\/et_pb_row][et_pb_row _builder_version=&#8220;3.0.106&#8243;][et_pb_column type=&#8220;1_2&#8243; _builder_version=&#8220;3.0.106&#8243; parallax=&#8220;off&#8220; parallax_method=&#8220;on&#8220;][et_pb_image src=&#8220;https:\/\/campgemmi.ch\/wp-content\/uploads\/2018\/06\/D49C8263-E815-40FE-8D4C-2E09A4DC774C.jpg&#8220; _builder_version=&#8220;3.0.106&#8243;][\/et_pb_image][\/et_pb_column][et_pb_column type=&#8220;1_2&#8243; _builder_version=&#8220;3.0.106&#8243; parallax=&#8220;off&#8220; parallax_method=&#8220;on&#8220;][et_pb_image src=&#8220;https:\/\/campgemmi.ch\/wp-content\/uploads\/2018\/06\/1F61626F-A675-499C-B467-504EC2D0E74A.jpg&#8220; _builder_version=&#8220;3.0.106&#8243;][\/et_pb_image][\/et_pb_column][\/et_pb_row][et_pb_row _builder_version=&#8220;3.0.106&#8243;][et_pb_column type=&#8220;1_2&#8243; _builder_version=&#8220;3.0.106&#8243; parallax=&#8220;off&#8220; parallax_method=&#8220;on&#8220;][et_pb_blurb _builder_version=&#8220;3.0.106&#8243;]<\/p>\n<table style=\"width: 577.199px;\">\n<tbody>\n<tr>\n<td style=\"width: 292px;\">\n<div><span>Lebensmittel<\/span><\/div>\n<\/td>\n<td style=\"width: 276.199px;\">\n<div><span>\u00a0Getr\u00e4nke\u00a0\u00a0\u00a0\u00a0<\/span><\/div>\n<\/td>\n<\/tr>\n<tr>\n<td style=\"width: 292px;\">\n<div><span>\u00a0Milch, Eier, Butter, K\u00e4se, Konfit\u00fcren<\/span><\/div>\n<\/td>\n<td style=\"width: 276.199px;\">\n<div><span>\u00a0v<\/span><span>erschiedene Sorten Mineralwasser\u00a0\u00a0\u00a0<\/span><\/div>\n<\/td>\n<\/tr>\n<tr>\n<td style=\"width: 292px;\">\n<div><span>\u00a0Spaghetti, Nudeln, Reis, Saucen<\/span><\/div>\n<\/td>\n<td style=\"width: 276.199px;\">\n<div><span>\u00a0Fruchts\u00e4fte<\/span><\/div>\n<\/td>\n<\/tr>\n<tr>\n<td style=\"width: 292px;\">\n<div><span>\u00a0Erbsen, Bohnen, Mais<\/span><\/div>\n<\/td>\n<td style=\"width: 276.199px;\">\n<div><span>\u00a0Rivella, Cola<\/span><\/div>\n<\/td>\n<\/tr>\n<tr>\n<td style=\"width: 292px;\">\n<div><span>\u00a0Kaffee, Tee, Kakao<\/span><\/div>\n<\/td>\n<td style=\"width: 276.199px;\">\n<div><span>\u00a0Orangensaft, Apfelsaft, Eistee<\/span><\/div>\n<\/td>\n<\/tr>\n<tr>\n<td style=\"width: 292px;\">\n<div><span>\u00a0Schokolade, S\u00fcssigheiten, Glace (Eis)<\/span><\/div>\n<\/td>\n<td style=\"width: 276.199px;\">\n<div><span>\u00a0Walliser Weine (siehe Foto)<\/span><\/div>\n<\/td>\n<\/tr>\n<tr>\n<td style=\"width: 292px;\">\n<div><span>\u00a0Chips, Salzgeb\u00e4ck, Kekse<\/span><\/div>\n<\/td>\n<td style=\"width: 276.199px;\">\n<div><span>\u00a0verschiedene Biere (siehe Foto)<\/span><\/div>\n<\/td>\n<\/tr>\n<tr>\n<td style=\"width: 292px;\">\n<div><span>\u00a0<\/span><span>und vieles mehr<\/span><\/div>\n<\/td>\n<td style=\"width: 276.199px;\">\n<div><span>\u00a0<\/span><span>und vieles mehr<\/span><\/div>\n<\/td>\n<\/tr>\n<\/tbody>\n<\/table>\n<p>[\/et_pb_blurb][\/et_pb_column][et_pb_column type=&#8220;1_2&#8243; _builder_version=&#8220;3.0.106&#8243; parallax=&#8220;off&#8220; parallax_method=&#8220;on&#8220;][et_pb_blurb _builder_version=&#8220;3.0.106&#8243;]<\/p>\n<p>\u00a0<\/p>\n<table border=\"1\" style=\"width: 580px;\" height=\"284\">\n<colgroup>\n<col \/>\n<col \/><\/colgroup>\n<tbody>\n<tr>\n<td style=\"width: 287.881px;\">\n<div><span>Zeitungen, Zeitschriften<\/span><\/div>\n<\/td>\n<td style=\"width: 292.119px;\">\n<div><span>\u00a0Sonstiges<\/span><\/div>\n<\/td>\n<\/tr>\n<tr>\n<td style=\"width: 287.881px;\">\n<div><span>\u00a0Walliser Bote, Tagesanzeiger, Blick<\/span><\/div>\n<\/td>\n<td style=\"width: 292.119px;\">\n<div><span>\u00a0<\/span><span>Ansichtskarten<\/span><\/div>\n<\/td>\n<\/tr>\n<tr>\n<td style=\"width: 287.881px;\">\n<div><span>\u00a0Bild (D), Telegraaf (NL)<\/span><\/div>\n<\/td>\n<td style=\"width: 292.119px;\">\n<div><span>\u00a0Wanderkarten, Wanderbroch\u00fcren\u00a0\u00a0<\/span><\/div>\n<\/td>\n<\/tr>\n<tr>\n<td style=\"width: 287.881px;\">\n<div><span>\u00a0internationale Illustrierte, Romane<\/span><\/div>\n<\/td>\n<td style=\"width: 292.119px;\">\n<div><span>\u00a0Toilettenartikel, Campingartikel<\/span><\/div>\n<\/td>\n<\/tr>\n<tr>\n<td style=\"width: 287.881px;\">\n<div><span>\u00a0TV-Programme, R\u00e4tselhefte<\/span><\/div>\n<\/td>\n<td style=\"width: 292.119px;\">\n<div><span>\u00a0Camping-Gaz, Propangas<\/span><\/div>\n<\/td>\n<\/tr>\n<tr>\n<td style=\"width: 287.881px;\">\n<div><span>\u00a0<\/span><span>und vieles mehr<\/span><\/div>\n<\/td>\n<td style=\"width: 292.119px;\">\n<div><span>\u00a0<\/span><span>und vieles mehr<\/span><\/div>\n<\/td>\n<\/tr>\n<\/tbody>\n<\/table>\n<p>[\/et_pb_blurb][\/et_pb_column][\/et_pb_row][\/et_pb_section]<\/p>\n","protected":false},"excerpt":{"rendered":"<p>[et_pb_section fb_built=&#8220;1&#8243; admin_label=&#8220;section&#8220; _builder_version=&#8220;3.0.47&#8243;][et_pb_row _builder_version=&#8220;3.0.106&#8243;][et_pb_column type=&#8220;1_2&#8243; _builder_version=&#8220;3.0.106&#8243; parallax=&#8220;off&#8220; parallax_method=&#8220;on&#8220;][et_pb_blurb title=&#8220;Unser Camping-Laden&#8220; _builder_version=&#8220;3.0.106&#8243; header_level=&#8220;h1&#8243; header_font=&#8220;||||||||&#8220;] ist t\u00e4glich ge\u00f6ffnet (auch sonntags) von 8:00 bis 11:30 Uhr und von 15:00 bis 21:00 Uhr Wir w\u00fcrden uns sehr freuen auch Sie bedienen zu d\u00fcrfen, obwohl wir nicht die Auswahl eines grossen Supermarktes haben k\u00f6nnen. Unser Service jedoch ist pers\u00f6nlich, [&hellip;]<\/p>\n","protected":false},"author":1,"featured_media":0,"parent":0,"menu_order":0,"comment_status":"closed","ping_status":"closed","template":"","meta":{"footnotes":""},"_links":{"self":[{"href":"https:\/\/campgemmi.ch\/index.php?rest_route=\/wp\/v2\/pages\/546"}],"collection":[{"href":"https:\/\/campgemmi.ch\/index.php?rest_route=\/wp\/v2\/pages"}],"about":[{"href":"https:\/\/campgemmi.ch\/index.php?rest_route=\/wp\/v2\/types\/page"}],"author":[{"embeddable":true,"href":"https:\/\/campgemmi.ch\/index.php?rest_route=\/wp\/v2\/users\/1"}],"replies":[{"embeddable":true,"href":"https:\/\/campgemmi.ch\/index.php?rest_route=%2Fwp%2Fv2%2Fcomments&post=546"}],"version-history":[{"count":6,"href":"https:\/\/campgemmi.ch\/index.php?rest_route=\/wp\/v2\/pages\/546\/revisions"}],"predecessor-version":[{"id":1757,"href":"https:\/\/campgemmi.ch\/index.php?rest_route=\/wp\/v2\/pages\/546\/revisions\/1757"}],"wp:attachment":[{"href":"https:\/\/campgemmi.ch\/index.php?rest_route=%2Fwp%2Fv2%2Fmedia&parent=546"}],"curies":[{"name":"wp","href":"https:\/\/api.w.org\/{rel}","templated":true}]}}