{"id":101,"date":"2018-06-12T14:02:48","date_gmt":"2018-06-12T14:02:48","guid":{"rendered":"https:\/\/campgemmi.ch\/?page_id=101"},"modified":"2026-03-10T09:33:17","modified_gmt":"2026-03-10T09:33:17","slug":"kultur-wellness","status":"publish","type":"page","link":"https:\/\/campgemmi.ch\/?page_id=101","title":{"rendered":"Kultur &#038; Wellness"},"content":{"rendered":"<p>[et_pb_section fb_built=&#8220;1&#8243; admin_label=&#8220;section&#8220; _builder_version=&#8220;3.0.47&#8243;][et_pb_row admin_label=&#8220;row&#8220; _builder_version=&#8220;3.0.47&#8243; background_size=&#8220;initial&#8220; background_position=&#8220;top_left&#8220; background_repeat=&#8220;repeat&#8220;][et_pb_column type=&#8220;4_4&#8243; _builder_version=&#8220;3.0.47&#8243; parallax=&#8220;off&#8220; parallax_method=&#8220;on&#8220;][et_pb_text admin_label=&#8220;Text&#8220; _builder_version=&#8220;3.0.47&#8243; background_size=&#8220;initial&#8220; background_position=&#8220;top_left&#8220; background_repeat=&#8220;repeat&#8220;]\t\t\t\t[\/et_pb_text][\/et_pb_column][\/et_pb_row][et_pb_row _builder_version=&#8220;3.0.106&#8243;][et_pb_column type=&#8220;1_3&#8243; _builder_version=&#8220;3.0.106&#8243; parallax=&#8220;off&#8220; parallax_method=&#8220;on&#8220;][et_pb_blurb title=&#8220;Sion sous les \u00e9toiles 2026&#8243; _builder_version=&#8220;3.0.106&#8243;]<\/p>\n<p>(30 km oder 25 Min. mit dem Auto)<br \/>16 bis 18. Juli 2026<\/p>\n<p><em><\/em><\/p>\n<h4 class=\"et_pb_module_header et-fb-editable-element et-fb-editable-element__editing\" data-shortcode-id=\"0.1.0.0-1740390478004\" contenteditable=\"true\">Sion Musikfestival 2026<\/h4>\n<p>\u00a0(30 km oder 25 Min. mit dem Auto)<br \/>21. August -6. September 2026<\/p>\n<p>[\/et_pb_blurb][\/et_pb_column][et_pb_column type=&#8220;1_3&#8243; _builder_version=&#8220;3.0.106&#8243; parallax=&#8220;off&#8220; parallax_method=&#8220;on&#8220;][et_pb_blurb title=&#8220;Musikdorf Ernen&#8220; _builder_version=&#8220;3.0.106&#8243;]<\/p>\n<p>(52 km oder 1 Stunde mit dem Auto) <br \/>07.06.2026 Jugendorchester <br \/>03.07. &#8211; 05.07.2026 Kammermusik kompakt<br \/> 11.07. &#8211; 17.07.2026 Klavier-Rezitate <br \/>19.07. &#8211; 30.07.2026 Barock-Konzerte <br \/>02.08. &#8211; 14.08.2026 Kammermusikfest\u00a0<br \/>weiteres Programm www.musikdorf.ch<\/p>\n<p>[\/et_pb_blurb][\/et_pb_column][et_pb_column type=&#8220;1_3&#8243; _builder_version=&#8220;3.0.106&#8243; parallax=&#8220;off&#8220; parallax_method=&#8220;on&#8220;][et_pb_blurb title=&#8220;Fondation Gianadda in Martigny&#8220; _builder_version=&#8220;3.0.106&#8243;]<\/p>\n<p>(50 km oder 35 Min. mit dem Auto)<\/p>\n<p>[\/et_pb_blurb][\/et_pb_column][\/et_pb_row][et_pb_row _builder_version=&#8220;3.0.106&#8243;][et_pb_column type=&#8220;1_3&#8243; _builder_version=&#8220;3.0.106&#8243; parallax=&#8220;off&#8220; parallax_method=&#8220;on&#8220;][et_pb_blurb title=&#8220;Open Air Gampel 2026&#8243; _builder_version=&#8220;3.0.106&#8243;]<\/p>\n<blockquote>\n<p>(8 km oder 5 Min. mit dem Auto) das bedeutendste Pop-Open-Air der Schweiz vom 19. bis 23. August 2026. Parkplatz auf dem ehemal. Flugplatz Turtmann<\/p>\n<\/blockquote>\n<p>[\/et_pb_blurb][\/et_pb_column][et_pb_column type=&#8220;1_3&#8243; _builder_version=&#8220;3.0.106&#8243; parallax=&#8220;off&#8220; parallax_method=&#8220;on&#8220;][et_pb_blurb title=&#8220;Leukerbad&#8220; _builder_version=&#8220;3.0.106&#8243;]<\/p>\n<p>(18 km oder 40 Min. mit dem Auto) Leukerbad verf\u00fcgt \u00fcber das gr\u00f6sste Termal- und Wellnessangebot der Alpen. T\u00e4glich fliessen 3.9 Mio Liter 51\u00b0 C warmes Thermalwasser, reich an Sulfaten, Kalzium, Magnesium und Fluor, in 22 private und \u00f6ffentliche Thermalb\u00e4der.<\/p>\n<p>[\/et_pb_blurb][\/et_pb_column][et_pb_column type=&#8220;1_3&#8243; _builder_version=&#8220;3.0.106&#8243; parallax=&#8220;off&#8220; parallax_method=&#8220;on&#8220;][et_pb_blurb title=&#8220;Brigerbad&#8220; _builder_version=&#8220;3.0.106&#8243;]<\/p>\n<div><span>(neu das ganze Jahr ge\u00f6ffnet)<\/span><\/div>\n<div><span>(23 km oder 25 Min. mit dem Auto)<\/span><\/div>\n<div><\/div>\n<div><span>Die Anlage ist die gr\u00f6sste ihrer Art in der Schweiz. Sie besteht aus<\/span><\/div>\n<div><span>mehreren B\u00e4dern (Olympiabad, Flussbad, Kurbad mit 27 bis 37\u00b0 C),<\/span><\/div>\n<div><span>dem Grottenbad mit\u00a0 40 &#8211; 42\u00b0 C und einer 182 m langen Wasserrutschbahn.<\/span><\/div>\n<p>[\/et_pb_blurb][\/et_pb_column][\/et_pb_row][et_pb_row _builder_version=&#8220;3.0.106&#8243;][et_pb_column type=&#8220;1_3&#8243; _builder_version=&#8220;3.0.106&#8243; parallax=&#8220;off&#8220; parallax_method=&#8220;on&#8220;][et_pb_blurb title=&#8220;Saillon &#8220; _builder_version=&#8220;3.0.106&#8243;]<\/p>\n<p>(44 km oder 1\/2 Stunde mit dem Auto) Thermal- und Wellnesszentrum Kalzium-Magnesium-Hydrogenkarbonat und Fluorid Aussen- und Hallenbad bis 37\u00b0 C<\/p>\n<h4 class=\"et_pb_module_header et-fb-editable-element et-fb-editable-element__editing\" data-shortcode-id=\"0.3.1.0-1740391693860\" contenteditable=\"true\">Ringkuhk\u00e4mpfe 2026<\/h4>\n<p>Wenn die Eringerinnen (schwarze K\u00fche) um die Krone k\u00e4mpfen &#8230;\u00a0<br \/> 06.04.2025\u00a0 \u00a0Goler-Arena, Raron<br \/>11.\/12.04.2026\u00a0 Le Ch\u00e2ble<br \/>19.04.2026\u00a0 Goler-Arena, Raron<br \/>26.04.2026\u00a0 Les Haud\u00e8res<br \/>09.\/10.05.2026\u00a0 Pra Bardy Arena &#8211; <br \/>\u00a0 \u00a0 \u00a0 \u00a0 \u00a0 \u00a0 \u00a0 \u00a0 \u00a0 \u00a0 \u00a0 \u00a0 \u00a0 \u00a0 \u00a0Narionales Finale\u00a0<\/p>\n<p>[\/et_pb_blurb][\/et_pb_column][et_pb_column type=&#8220;1_3&#8243; _builder_version=&#8220;3.0.106&#8243; parallax=&#8220;off&#8220; parallax_method=&#8220;on&#8220;][et_pb_blurb _builder_version=&#8220;3.0.106&#8243;]<\/p>\n<div class=\"et-animated-content\" id=\"page-container\">\n<p>\u00a0<\/p>\n<div id=\"et-main-area\">\n<div id=\"main-content\">\n<article class=\"post-101 page type-page status-publish hentry\" id=\"post-101\">\n<div class=\"entry-content\">\n<div id=\"et-fb-app\">\n<div id=\"et_pb_root\">\n<div class=\"et_fb_preview_container ui-sortable\">\n<div class=\"et_pb_section ui-sortable et_pb_section_0 et-animated et_section_regular et_pb_scroll_0\" data-address=\"0\">\n<div class=\"et_pb_row ui-sortable et_pb_row_3 et-animated et-fb-row--has-short-module et-last-child\" data-address=\"0.3\">\n<div class=\"et_pb_column ui-sortable et-animated et_pb_column_1_3 et_pb_column_8\" data-address=\"0.3.1\">\n<div class=\"et_fb_editing_enabled et_pb_blurb et_pb_module ui-sortable et_pb_blurb_7 et-animated et_pb_text_align_left et_pb_bg_layout_light et_pb_blurb_position_top et-first-child et-last-child\" data-address=\"0.3.1.0\">\n<div class=\"et_pb_blurb_content\">\n<div class=\"et_pb_blurb_container\">\n<div class=\"et_pb_blurb_description\">\n<div class=\"et-fb-popover-tinymce\" data-shortcode-id=\"0.3.1.0-1550137429831\">\n<div class=\"mce-content-body\" contenteditable=\"true\" spellcheck=\"false\">\n<div contenteditable=\"false\" style=\"left: -3000px; width: 1000px; overflow: hidden; position: fixed;\">\n<div contenteditable=\"true\">Wenn die Eringerinnen (schwarze K\u00fche) um die Krone k\u00e4mpfen &#8230;\u00a0<br \/>07.04.2019 Raron-Goler, 13.\/14.04.2019 Le Ch\u00e2ble, 21.04.2019 Raron-Goler, 28.04.2019 Les Haud\u00e8res, 04.\/05.05.2019 Aproz, 11.08.2019 Crans-Montana, 08.09.2019 Les Haud\u00e8res,\u00a022.09.2019 Raron-Goler, 29.09.2019 Martigny, 15.10.2019 Agarn, Rinderli-Stechfest<\/div>\n<\/div>\n<\/div>\n<\/div>\n<\/div>\n<\/div>\n<\/div>\n<\/div>\n<\/div>\n<\/div>\n<\/div>\n<\/div>\n<\/div>\n<\/div>\n<\/div>\n<\/article>\n<\/div>\n<\/div>\n<\/div>\n<p>[\/et_pb_blurb][\/et_pb_column][et_pb_column type=&#8220;1_3&#8243; _builder_version=&#8220;3.0.106&#8243; parallax=&#8220;off&#8220; parallax_method=&#8220;on&#8220;][et_pb_blurb title=&#8220;P\u00fcru-M\u00e4rt Cultura, Turtmann &#8220; _builder_version=&#8220;3.0.106&#8243;]<\/p>\n<p>(5 km oder 50 Minuten zu Fuss) Der traditionelle Bauernmarkt, der \u00fcber die Grenzen hinaus bekannt ist, findet am 26. September 2026 statt.<\/p>\n<p>[\/et_pb_blurb][\/et_pb_column][\/et_pb_row][\/et_pb_section]<\/p>\n","protected":false},"excerpt":{"rendered":"<p>[et_pb_section fb_built=&#8220;1&#8243; admin_label=&#8220;section&#8220; _builder_version=&#8220;3.0.47&#8243;][et_pb_row admin_label=&#8220;row&#8220; _builder_version=&#8220;3.0.47&#8243; background_size=&#8220;initial&#8220; background_position=&#8220;top_left&#8220; background_repeat=&#8220;repeat&#8220;][et_pb_column type=&#8220;4_4&#8243; _builder_version=&#8220;3.0.47&#8243; parallax=&#8220;off&#8220; parallax_method=&#8220;on&#8220;][et_pb_text admin_label=&#8220;Text&#8220; _builder_version=&#8220;3.0.47&#8243; background_size=&#8220;initial&#8220; background_position=&#8220;top_left&#8220; background_repeat=&#8220;repeat&#8220;] [\/et_pb_text][\/et_pb_column][\/et_pb_row][et_pb_row _builder_version=&#8220;3.0.106&#8243;][et_pb_column type=&#8220;1_3&#8243; _builder_version=&#8220;3.0.106&#8243; parallax=&#8220;off&#8220; parallax_method=&#8220;on&#8220;][et_pb_blurb title=&#8220;Sion sous les \u00e9toiles 2026&#8243; _builder_version=&#8220;3.0.106&#8243;] (30 km oder 25 Min. mit dem Auto)16 bis 18. Juli 2026 Sion Musikfestival 2026 \u00a0(30 km oder 25 Min. mit dem Auto)21. August -6. [&hellip;]<\/p>\n","protected":false},"author":1,"featured_media":0,"parent":0,"menu_order":0,"comment_status":"closed","ping_status":"closed","template":"","meta":{"footnotes":""},"_links":{"self":[{"href":"https:\/\/campgemmi.ch\/index.php?rest_route=\/wp\/v2\/pages\/101"}],"collection":[{"href":"https:\/\/campgemmi.ch\/index.php?rest_route=\/wp\/v2\/pages"}],"about":[{"href":"https:\/\/campgemmi.ch\/index.php?rest_route=\/wp\/v2\/types\/page"}],"author":[{"embeddable":true,"href":"https:\/\/campgemmi.ch\/index.php?rest_route=\/wp\/v2\/users\/1"}],"replies":[{"embeddable":true,"href":"https:\/\/campgemmi.ch\/index.php?rest_route=%2Fwp%2Fv2%2Fcomments&post=101"}],"version-history":[{"count":28,"href":"https:\/\/campgemmi.ch\/index.php?rest_route=\/wp\/v2\/pages\/101\/revisions"}],"predecessor-version":[{"id":2171,"href":"https:\/\/campgemmi.ch\/index.php?rest_route=\/wp\/v2\/pages\/101\/revisions\/2171"}],"wp:attachment":[{"href":"https:\/\/campgemmi.ch\/index.php?rest_route=%2Fwp%2Fv2%2Fmedia&parent=101"}],"curies":[{"name":"wp","href":"https:\/\/api.w.org\/{rel}","templated":true}]}}